{"id":329,"date":"2019-05-28T13:10:26","date_gmt":"2019-05-28T11:10:26","guid":{"rendered":"http:\/\/omnicultura.de\/?page_id=329"},"modified":"2019-05-28T14:26:05","modified_gmt":"2019-05-28T12:26:05","slug":"%e2%80%a2-ausstellungen","status":"publish","type":"page","link":"http:\/\/omnicultura.de\/?page_id=329","title":{"rendered":"\u2022 Ausstellungen"},"content":{"rendered":"<p style=\"text-align: center;\"><a href=\"http:\/\/omnicultura.de\/wp-content\/uploads\/2018\/06\/Animation-300x157.gif\"><img loading=\"lazy\" decoding=\"async\" class=\"aligncenter size-full wp-image-460\" src=\"http:\/\/omnicultura.de\/wp-content\/uploads\/2018\/06\/Animation-300x157.gif\" alt=\"\" width=\"300\" height=\"157\" \/><\/a><strong>\u2022\u00a0 <span style=\"color: #ff0000;\">omnicultura e.V<\/span>\u00a0 \u2022<\/strong><\/p>\n<p><strong>Ab 19 Januar bis 19 Februar 2017 in R\u00e4umen Omnicultura e.V.<\/strong><\/p>\n<p><strong>Potsdamer Stra\u00dfe 92 in Berlin finden die Ausstellung statt.<\/strong><\/p>\n<p><strong>\u00d6ffnungszeiten t\u00e4glich 12.00 \u2013 20.00<\/strong><\/p>\n<p><strong>\u2022 <\/strong><strong>Omnicultura e.V. \u2022 Ausstellung \u2022 Die verlassenen Bilder \u2022<\/strong><\/p>\n<p><a href=\"http:\/\/omnicultura.de\/wp-content\/uploads\/2018\/06\/cropped-omnicultura-e.V-Herbstlaub.jpg\" rel=\"attachment wp-att-481\"><img loading=\"lazy\" decoding=\"async\" class=\"alignnone wp-image-481 size-large\" src=\"http:\/\/omnicultura.de\/wp-content\/uploads\/2018\/06\/Die-verlassenen-Bilder_-mit-LOGO-1024x699.jpg\" alt=\"Die verlassenen Bilder - AUSSTELLUNG - omnicultura e.V. LOGODie verlassenen Bilder - AUSSTELLUNG - omnicultura e.V. LOGO\" width=\"625\" height=\"427\" \/><\/a><\/p>\n<p><strong>Ausstellung<\/strong><\/p>\n<h2><strong>\u2022 Die verlassenen Bilder\u2022<\/strong><\/h2>\n<p><span id=\"result_box\" class=\"\" lang=\"de\"><span class=\"\"><strong>Anfahrt<\/strong> zur Galerie <strong>omnicultura e.V.<\/strong><\/span><\/span><\/p>\n<p><span class=\"\"><strong>BUS \u2013 M48, M45<\/strong> \u2013 zur Haltestelle L\u00fctzowstr. \/ Potsdamer Str. (10785 Berlin)<\/span><\/p>\n<p><span class=\"\"><strong>U2<\/strong> \u2013 zur Haltestelle Potsdamer PLatz oder B\u00fclowstr.<\/span><span id=\"result_box\" class=\"\" lang=\"de\">,<span class=\"\">dann <strong>M48, M4<\/strong>5 bis Haltestelle L\u00fctzowstr. \/ Potsdamer Str. (10785 Berlin)<\/span><\/span><\/p>\n<p><span class=\"\"><strong>U1<\/strong> \u2013 bis Haltestelle Kurf\u00fcrstenstr.<\/span> <span class=\"\">, dann<strong> M48, M45<\/strong> oder zu Fu\u00df 300m in Richtung Potsdamer PLatz.<\/span> <span class=\"\">oder <strong>BUS \u2013 M48, M45<\/strong> in Richtung Potsdamer PLatz.<\/span> <span class=\"\">zur Haltestelle L\u00fctzowstr. \/ Potsdamer Str. (10785 Berlin)<\/span><\/p>\n<p><strong><span id=\"result_box\" class=\"short_text\" lang=\"de\"><span class=\"\"><a href=\"http:\/\/omnicultura.de\/?page_id=147\">Siehe Fotogalerie !<\/a><\/span><\/span><\/strong><\/p>\n<h1><strong>***<a href=\"http:\/\/omnicultura.de\/wp-content\/uploads\/2018\/06\/Animation-300x157.gif\" rel=\"attachment wp-att-470\"><img loading=\"lazy\" decoding=\"async\" class=\"aligncenter wp-image-470 size-full\" src=\"http:\/\/omnicultura.de\/wp-content\/uploads\/2018\/06\/Animation-300x157.gif\" alt=\"Animation-300x157\" width=\"300\" height=\"157\" \/><\/a><\/strong><\/h1>\n<p><strong>omnicultura e.V \u2022 \u0425\u0443\u0434\u043e\u0436\u0435\u0441\u0442\u0432\u0435\u043d\u043d\u043e-\u044e\u0432\u0435\u043b\u0438\u0440\u043d\u0430\u044f \u0432\u044b\u0441\u0442\u0430\u0432\u043a\u0430 \u2022 \u0411\u0443\u043b\u0430\u0442 \u041c\u0435\u043a\u0435\u0431\u0430\u0435\u0432 \u2022 \u0410\u043d\u0430\u0442\u043e\u043b\u0438\u0439 \u0428\u0435\u0440\u0441\u0442\u044e\u043a \u2022 13 \u043c\u0430\u044f 2016 \u2013 4 \u0438\u044e\u043d\u044f 2016 \u0433\u043e\u0434\u0430<\/strong><\/p>\n<div id=\"attachment_385\" class=\"wp-caption aligncenter\">\n<p><a href=\"http:\/\/omnicultura.de\/wp-content\/uploads\/2018\/06\/Einladung-Mekebaev-1-Kopie.jpg\"><img loading=\"lazy\" decoding=\"async\" class=\"aligncenter size-full wp-image-500\" src=\"http:\/\/omnicultura.de\/wp-content\/uploads\/2018\/06\/Einladung-Mekebaev-1-Kopie.jpg\" alt=\"\" width=\"736\" height=\"781\" srcset=\"http:\/\/omnicultura.de\/wp-content\/uploads\/2018\/06\/Einladung-Mekebaev-1-Kopie.jpg 736w, http:\/\/omnicultura.de\/wp-content\/uploads\/2018\/06\/Einladung-Mekebaev-1-Kopie-283x300.jpg 283w, http:\/\/omnicultura.de\/wp-content\/uploads\/2018\/06\/Einladung-Mekebaev-1-Kopie-624x662.jpg 624w\" sizes=\"auto, (max-width: 736px) 100vw, 736px\" \/><\/a><\/p>\n<p class=\"wp-caption-text\">omnicultura e.V \u2022 \u0425\u0443\u0434\u043e\u0436\u0435\u0441\u0442\u0432\u0435\u043d\u043d\u043e-\u044e\u0432\u0435\u043b\u0438\u0440\u043d\u0430\u044f \u0432\u044b\u0441\u0442\u0430\u0432\u043a\u0430 \u2022 \u0411\u0443\u043b\u0430\u0442 \u041c\u0435\u043a\u0435\u0431\u0430\u0435\u0432 \u2022 \u0410\u043d\u0430\u0442\u043e\u043b\u0438\u0439 \u0428\u0435\u0440\u0441\u0442\u044e\u043a \u2022 13 \u043c\u0430\u044f 2016 \u2013 4 \u0438\u044e\u043d\u044f 2016 \u0433\u043e\u0434\u0430<\/p>\n<\/div>\n<p><a href=\"http:\/\/omnicultura.de\/wp-content\/uploads\/2018\/06\/hdcafhhe-768x769-1.png\"><img loading=\"lazy\" decoding=\"async\" class=\"aligncenter size-full wp-image-526\" src=\"http:\/\/omnicultura.de\/wp-content\/uploads\/2018\/06\/hdcafhhe-768x769-1.png\" alt=\"\" width=\"768\" height=\"769\" srcset=\"http:\/\/omnicultura.de\/wp-content\/uploads\/2018\/06\/hdcafhhe-768x769-1.png 768w, http:\/\/omnicultura.de\/wp-content\/uploads\/2018\/06\/hdcafhhe-768x769-1-150x150.png 150w, http:\/\/omnicultura.de\/wp-content\/uploads\/2018\/06\/hdcafhhe-768x769-1-300x300.png 300w, http:\/\/omnicultura.de\/wp-content\/uploads\/2018\/06\/hdcafhhe-768x769-1-624x625.png 624w\" sizes=\"auto, (max-width: 768px) 100vw, 768px\" \/><img decoding=\"async\" src=\"http:\/\/omnicultura.de\/wp-content\/uploads\/2016\/04\/idadjjgb.png\" alt=\"http:\/\/omnicultura.de\/wp-content\/uploads\/2016\/04\/idadjjgb.png\" \/><\/a> <img loading=\"lazy\" decoding=\"async\" class=\"alignnone\" src=\"http:\/\/omnicultura.de\/wp-content\/uploads\/2016\/04\/jcjfeeff.png\" alt=\"http:\/\/omnicultura.de\/wp-content\/uploads\/2016\/04\/jcjfeeff.png\" width=\"923\" height=\"923\" \/><\/p>\n<p><img decoding=\"async\" src=\"http:\/\/omnicultura.de\/wp-content\/uploads\/2016\/04\/dediccjf.png\" alt=\"http:\/\/omnicultura.de\/wp-content\/uploads\/2016\/04\/dediccjf.png\" \/><\/p>\n<div id=\"attachment_382\" class=\"wp-caption aligncenter\">\n<p><img loading=\"lazy\" decoding=\"async\" class=\"aligncenter\" src=\"http:\/\/omnicultura.de\/wp-content\/uploads\/2016\/04\/2-Mekebaev.jpg\" alt=\"http:\/\/omnicultura.de\/wp-content\/uploads\/2016\/04\/2-Mekebaev.jpg\" width=\"862\" height=\"923\" \/><\/p>\n<p class=\"wp-caption-text\">BULAT MEKEBAEV \u2013 \u2013 Mit freundlicher Unterst\u00fctzung: omnicultura e.V.<\/p>\n<\/div>\n<div id=\"attachment_383\" class=\"wp-caption alignnone\">\n<p><a href=\"http:\/\/omnicultura.de\/wp-content\/uploads\/2018\/06\/Anatolij-Scherstjuk-\u2013-Mit-freundlicher-Unterst\u00fctzung-omnicultura-e.V.-768x1619.jpg\"><img loading=\"lazy\" decoding=\"async\" class=\"aligncenter wp-image-457 size-large\" src=\"http:\/\/omnicultura.de\/wp-content\/uploads\/2018\/06\/Anatolij-Scherstjuk-\u2013-Mit-freundlicher-Unterst\u00fctzung-omnicultura-e.V.-768x1619-486x1024.jpg\" alt=\"\" width=\"486\" height=\"1024\" srcset=\"http:\/\/omnicultura.de\/wp-content\/uploads\/2018\/06\/Anatolij-Scherstjuk-\u2013-Mit-freundlicher-Unterst\u00fctzung-omnicultura-e.V.-768x1619-486x1024.jpg 486w, http:\/\/omnicultura.de\/wp-content\/uploads\/2018\/06\/Anatolij-Scherstjuk-\u2013-Mit-freundlicher-Unterst\u00fctzung-omnicultura-e.V.-768x1619-142x300.jpg 142w, http:\/\/omnicultura.de\/wp-content\/uploads\/2018\/06\/Anatolij-Scherstjuk-\u2013-Mit-freundlicher-Unterst\u00fctzung-omnicultura-e.V.-768x1619.jpg 768w, http:\/\/omnicultura.de\/wp-content\/uploads\/2018\/06\/Anatolij-Scherstjuk-\u2013-Mit-freundlicher-Unterst\u00fctzung-omnicultura-e.V.-768x1619-624x1315.jpg 624w\" sizes=\"auto, (max-width: 486px) 100vw, 486px\" \/><\/a><\/p>\n<p class=\"wp-caption-text\">Anatolij Scherstjuk \u2013 Mit freundlicher Unterst\u00fctzung omnicultura e.V.<\/p>\n<\/div>\n<p>\u0413\u0430\u043b\u0435\u0440\u0435\u044f \u0438\u0441\u043a\u0443\u0441\u0441\u0442\u0432 \u043a\u0443\u043b\u044c\u0442\u0443\u0440\u043d\u043e\u0433\u043e \u043e\u0431\u0449\u0435\u0441\u0442\u0432\u0430 <strong>omnicultura e.V.<\/strong><\/p>\n<p>\u043f\u0440\u0438\u0433\u043b\u0430\u0448\u0430\u0435\u0442 \u0446\u0435\u043d\u0438\u0442\u0435\u043b\u0435\u0439 \u0441\u043e\u0432\u0440\u0435\u043c\u0435\u043d\u043d\u043e\u0433\u043e \u0438\u0441\u043a\u0443\u0441\u0441\u0442\u0432\u0430 \u043f\u043e\u0441\u0435\u0442\u0438\u0442\u044c \u0445\u0443\u0434\u043e\u0436\u0435\u0441\u0442\u0432\u0435\u043d\u043d\u043e-\u044e\u0432\u0435\u043b\u0438\u0440\u043d\u0443\u044e \u044d\u043a\u0441\u043f\u043e\u0437\u0438\u0446\u0438\u044e \u0430\u0432\u0442\u043e\u0440\u0441\u043a\u0438\u0445 \u0440\u0430\u0431\u043e\u0442<strong> \u0411\u0443\u043b\u0430\u0442\u0430 \u041c\u0435\u043a\u0435\u0431\u0430\u0435\u0432\u0430 (Bulat Mekebaev)<\/strong> \u0438 <strong>\u0410\u043d\u0430\u0442\u043e\u043b\u0438\u044f \u0428\u0435\u0440\u0441\u0442\u044e\u043a\u0430 (Anatolij Scherstjuk).<\/strong><\/p>\n<p>\u0412\u044b\u0441\u0442\u0430\u0432\u043a\u0430 \u043f\u0440\u043e\u0432\u043e\u0434\u0438\u0442\u0441\u044f \u043f\u043e\u0434 \u043f\u0430\u0442\u0440\u043e\u043d\u0430\u0436\u0435\u043c \u043f\u0440\u0435\u0434\u0441\u0435\u0434\u0430\u0442\u0435\u043b\u044f \u043a\u0443\u043b\u044c\u0442\u0443\u0440\u043d\u043e\u0433\u043e \u043e\u0431\u0449\u0435\u0441\u0442\u0432\u0430 omnicultura e.V.<\/p>\n<p>\u041d\u0430\u0442\u0430\u043b\u0438 \u0413\u0440\u044d\u0444\u0438\u043d \u0444\u043e\u043d \u041b\u044e\u043a\u0441\u0431\u0443\u0440\u0433 (Vorzitzende: Natali Gr\u00e4fin Von Luxburg).<\/p>\n<p>&nbsp;<\/p>\n<p><strong>\u0412\u0435\u0440\u043d\u0438\u0441\u0430\u0436 \u0441\u043e\u0441\u0442\u043e\u0438\u0442\u0441\u044f 13.05.2016 \u0432 18:30.<\/strong><\/p>\n<p>\u0412 \u044d\u0442\u043e\u0442\u00a0 \u0432\u0435\u0447\u0435\u0440\u00a0 \u0433\u043e\u0441\u0442\u0438 \u0441\u043c\u043e\u0433\u0443\u0442 \u0432\u0441\u0442\u0440\u0435\u0442\u0438\u0442\u044c\u0441\u044f\u00a0 \u0441 \u0430\u0432\u0442\u043e\u0440\u0430\u043c\u0438 \u043f\u0440\u043e\u0438\u0437\u0432\u0435\u0434\u0435\u043d\u0438\u0439 \u043b\u0438\u0447\u043d\u043e, \u043f\u043e\u043e\u0431\u0449\u0430\u0442\u044c\u0441\u044f, \u0437\u0430\u0432\u0435\u0441\u0442\u0438 \u043d\u043e\u0432\u044b\u0445 \u0434\u0440\u0443\u0437\u0435\u0439, \u043e\u0431\u043c\u0435\u043d\u044f\u0442\u044c\u0441\u044f \u043c\u043d\u0435\u043d\u0438\u044f\u043c\u0438 \u0438, \u0432\u043e\u0437\u043c\u043e\u0436\u043d\u043e, \u043f\u043e\u0434\u043e\u0431\u0440\u0430\u0442\u044c \u043f\u0440\u043e\u0438\u0437\u0432\u0435\u0434\u0435\u043d\u0438\u044f \u0434\u043b\u044f \u043f\u043e\u043f\u043e\u043b\u043d\u0435\u043d\u0438\u044f<\/p>\n<p>\u0441\u0432\u043e\u0438\u0445 \u0445\u0443\u0434\u043e\u0436\u0435\u0441\u0442\u0432\u0435\u043d\u043d\u044b\u0445 \u0438 \u044e\u0432\u0435\u043b\u0438\u0440\u043d\u044b\u0445 \u043a\u043e\u043b\u043b\u0435\u043a\u0446\u0438\u0439 \u0443\u043d\u0438\u043a\u0430\u043b\u044c\u043d\u044b\u043c\u0438 \u0440\u0430\u0431\u043e\u0442\u0430\u043c\u0438 \u0441\u043e\u0432\u0440\u0435\u043c\u0435\u043d\u043d\u043e\u0433\u043e \u043a\u0430\u0437\u0430\u0445\u0441\u043a\u043e\u0433\u043e \u0445\u0443\u0434\u043e\u0436\u043d\u0438\u043a\u0430 \u0438 \u0440\u0443\u0441\u0441\u043a\u043e\u0433\u043e \u044e\u0432\u0435\u043b\u0438\u0440\u0430.<\/p>\n<p><strong>\u0412\u0425\u041e\u0414 \u041d\u0410 \u0412\u0415\u0420\u041d\u0418\u0421\u0410\u0416 \u041f\u041e \u041f\u0420\u0418\u0413\u041b\u0410\u0421\u0418\u0422\u0415\u041b\u042c\u041d\u042b\u041c \u2022 Tel.: + 49 (30) 257 975\u00a0 91<\/strong><\/p>\n<p>&nbsp;<\/p>\n<p><strong>\u0412\u044b\u0441\u0442\u0430\u0432\u043a\u0430 \u0431\u0443\u0434\u0435\u0442 \u043e\u0442\u043a\u0440\u044b\u0442\u0430\u00a0 \u0434\u043b\u044f \u043f\u043e\u0441\u0435\u0442\u0438\u0442\u0435\u043b\u0435\u0439 \u0441 13 \u043c\u0430\u044f\u00a0 \u0434\u043e 4 \u0438\u044e\u043d\u044f\u00a0 2016 \u0433\u043e\u0434\u0430.<\/strong><\/p>\n<p><strong>\u0412\u0445\u043e\u0434\u00a0 \u043d\u0430 \u0432\u044b\u0441\u0442\u0430\u0432\u043a\u0443 \u0441\u0432\u043e\u0431\u043e\u0434\u043d\u044b\u0439.\u00a0\u00a0 \u041f\u0440\u0438\u0433\u043b\u0430\u0448\u0430\u0435\u043c \u0412\u0430\u0441 \u043f\u043e\u0441\u0435\u0442\u0438\u0442\u044c\u00a0 \u0432\u044b\u0441\u0442\u0430\u0432\u043a\u0443 !<\/strong><\/p>\n<p><strong>\u0412\u044b\u0441\u0442\u0430\u0432\u043a\u0430 \u0441\u043e\u0441\u0442\u043e\u0438\u0442\u0441\u044f \u043f\u043e \u0430\u0434\u0440\u0435\u0441\u0443<\/strong><\/p>\n<p><strong>Potsdamer Str. 92<\/strong><\/p>\n<p><strong>10785 Berlin<\/strong><\/p>\n<p><strong>\u0432 \u043f\u043e\u043c\u0435\u0449\u0435\u043d\u0438\u0438 \u0433\u0430\u043b\u0435\u0440\u0435\u0438<\/strong><\/p>\n<p><strong>omnicultura e.V.<\/strong><\/p>\n<p><strong>Vorzitzende: Natali Gr\u00e4fin Von Luxburg<\/strong><\/p>\n<p><strong>\u0412\u0420\u0415\u041c\u042f \u0420\u0410\u0411\u041e\u0422\u042b: \u041f\u043d-\u0412\u0441, \u0441 12:00 \u0434\u043e 20:00<\/strong><\/p>\n<p>&nbsp;<\/p>\n<p><strong>\u041f\u0440\u043e\u0435\u0437\u0434\u00a0<\/strong> \u0434\u043e \u0433\u0430\u043b\u0435\u0440\u0435\u0438\u00a0\u00a0 omnicultura e.V.<\/p>\n<p>BUS \u2013 M48, M45 \u2013 \u0434\u043e \u043e\u0441\u0442\u0430\u043d\u043e\u0432\u043a\u0438 L\u00fctzowstr.\/Potsdamer Str.(10785 Berlin)<\/p>\n<p>&nbsp;<\/p>\n<p>U2 \u2013\u00a0 \u0434\u043e \u043e\u0441\u0442\u0430\u043d\u043e\u0432\u043a\u0438 Potsdamer PLatz \u0438\u043b\u0438 B\u00fclowstr. , \u0434\u0430\u043b\u0435\u0435 M48,M45 \u0434\u043e \u043e\u0441\u0442\u0430\u043d\u043e\u0432\u043a\u0438 L\u00fctzowstr.\/Potsdamer Str.(10785 Berlin)<\/p>\n<p>&nbsp;<\/p>\n<p>U1 \u2013\u00a0 \u00a0\u0434\u043e \u043e\u0441\u0442\u0430\u043d\u043e\u0432\u043a\u0438 Kurf\u00fcrstenstr. , \u0434\u0430\u043b\u0435\u0435 M48,M45 \u0438\u043b\u0438 \u043f\u0435\u0448\u043a\u043e\u043c 300\u043c \u0432 \u043d\u0430\u043f\u0440\u0430\u0432\u043b\u0435\u043d\u0438\u0438 Potsdamer PLatz. \u0438\u043b\u0438 BUS \u2013 M48, M45 \u00a0\u0432 \u043d\u0430\u043f\u0440\u0430\u0432\u043b\u0435\u043d\u0438\u0438 Potsdamer PLatz. \u0434\u043e \u043e\u0441\u0442\u0430\u043d\u043e\u0432\u043a\u0438 L\u00fctzowstr.\/Potsdamer Str.(10785 Berlin)<\/p>\n<h1>***<\/h1>\n<h1><strong><a href=\"http:\/\/omnicultura.de\/wp-content\/uploads\/2018\/06\/Animation-300x157.gif\"><img loading=\"lazy\" decoding=\"async\" class=\"aligncenter wp-image-460 size-full\" src=\"http:\/\/omnicultura.de\/wp-content\/uploads\/2018\/06\/Animation-300x157.gif\" alt=\"\" width=\"300\" height=\"157\" \/><\/a><\/strong><\/h1>\n","protected":false},"excerpt":{"rendered":"<p>\u2022\u00a0 omnicultura e.V\u00a0 \u2022 Ab 19 Januar bis 19 Februar 2017 in R\u00e4umen Omnicultura e.V. Potsdamer Stra\u00dfe 92 in Berlin finden die Ausstellung statt. \u00d6ffnungszeiten t\u00e4glich 12.00 \u2013 20.00 \u2022 Omnicultura e.V. \u2022 Ausstellung \u2022 Die verlassenen Bilder \u2022 Ausstellung \u2022 Die verlassenen Bilder\u2022 Anfahrt zur Galerie omnicultura e.V. BUS \u2013 M48, M45 \u2013 zur [&hellip;]<\/p>\n","protected":false},"author":1,"featured_media":0,"parent":0,"menu_order":0,"comment_status":"closed","ping_status":"closed","template":"","meta":{"footnotes":""},"class_list":["post-329","page","type-page","status-publish","hentry"],"_links":{"self":[{"href":"http:\/\/omnicultura.de\/index.php?rest_route=\/wp\/v2\/pages\/329","targetHints":{"allow":["GET"]}}],"collection":[{"href":"http:\/\/omnicultura.de\/index.php?rest_route=\/wp\/v2\/pages"}],"about":[{"href":"http:\/\/omnicultura.de\/index.php?rest_route=\/wp\/v2\/types\/page"}],"author":[{"embeddable":true,"href":"http:\/\/omnicultura.de\/index.php?rest_route=\/wp\/v2\/users\/1"}],"replies":[{"embeddable":true,"href":"http:\/\/omnicultura.de\/index.php?rest_route=%2Fwp%2Fv2%2Fcomments&post=329"}],"version-history":[{"count":20,"href":"http:\/\/omnicultura.de\/index.php?rest_route=\/wp\/v2\/pages\/329\/revisions"}],"predecessor-version":[{"id":865,"href":"http:\/\/omnicultura.de\/index.php?rest_route=\/wp\/v2\/pages\/329\/revisions\/865"}],"wp:attachment":[{"href":"http:\/\/omnicultura.de\/index.php?rest_route=%2Fwp%2Fv2%2Fmedia&parent=329"}],"curies":[{"name":"wp","href":"https:\/\/api.w.org\/{rel}","templated":true}]}}